{"id":24,"date":"2018-08-02T08:45:29","date_gmt":"2018-08-02T08:45:29","guid":{"rendered":"https:\/\/hotelikslowianski.pl\/?page_id=24"},"modified":"2019-01-15T12:48:34","modified_gmt":"2019-01-15T12:48:34","slug":"kontaktdaten","status":"publish","type":"page","link":"https:\/\/hotelikslowianski.pl\/de\/kontaktdaten\/","title":{"rendered":"Kontaktdaten","raw":"Kontaktdaten"},"content":{"rendered":"<div class=\"col-lg-6 col-md-6 col-sm-12 col-xs-12\">\n<h3>Kontaktdaten<\/h3>\n<p>Wollen Sie mehr \u00fcber unseres Angebot erfahren? Schreiben Sie uns an. <\/p>\n<p><strong>Kontakt, Hotelik S\u0142owia\u0144ski <\/strong><\/p>\n<p>73-150 \u0141OBEZ, NIEPODLEG\u0141O\u015aCI 19<br \/>\nkom.recepcja 665 800 257<br \/>\nRecepcja: 91 397 30 45<br \/>\nrecepcja@hotelikslowianski.pl<br \/>\nkom.dyrektor 665 620 160<br \/>\ndyrektor@hotelikslowianski.pl<\/p>\n<p>Przedsi\u0119biorstwo Us\u0142ug Hotelarskich i Gastronomicznych El\u017cbieta i Zbigniew Rybiccy S.C.<br \/>\nul. Armii Krajowej 1 78-300 \u015awidwin<br \/>\nul.Niepodleg\u0142o\u015bci 19 73-150 NIP 6722029447, Regon 320544471<\/p>\n<p>BZ WBK 23 1090 2662 0000 0001 3112 2920<\/p>\n<\/div>\n<div class=\"col-lg-6 col-md-6 col-sm-12 col-xs-12\"><div role=\"form\" class=\"wpcf7\" id=\"wpcf7-f237-o2\" lang=\"pl-PL\" dir=\"ltr\">\n<div class=\"screen-reader-response\" aria-live=\"polite\"><\/div>\n<form action=\"\/de\/wp-json\/wp\/v2\/pages\/24#wpcf7-f237-o2\" method=\"post\" class=\"wpcf7-form\" novalidate=\"novalidate\">\n<div style=\"display: none;\">\n<input type=\"hidden\" name=\"_wpcf7\" value=\"237\" \/>\n<input type=\"hidden\" name=\"_wpcf7_version\" value=\"5.1.9\" \/>\n<input type=\"hidden\" name=\"_wpcf7_locale\" value=\"pl_PL\" \/>\n<input type=\"hidden\" name=\"_wpcf7_unit_tag\" value=\"wpcf7-f237-o2\" \/>\n<input type=\"hidden\" name=\"_wpcf7_container_post\" value=\"0\" \/>\n<\/div>\n<p><label> Imi\u0119 i nazwisko (wymagane)<br \/>\n    <span class=\"wpcf7-form-control-wrap your-name\"><input type=\"text\" name=\"your-name\" value=\"\" size=\"40\" class=\"wpcf7-form-control wpcf7-text wpcf7-validates-as-required form-control\" aria-required=\"true\" aria-invalid=\"false\" \/><\/span> <\/label><\/p>\n<p><label> Adres email (wymagane)<br \/>\n    <span class=\"wpcf7-form-control-wrap your-email\"><input type=\"email\" name=\"your-email\" value=\"\" size=\"40\" class=\"wpcf7-form-control wpcf7-text wpcf7-email wpcf7-validates-as-required wpcf7-validates-as-email form-control\" aria-required=\"true\" aria-invalid=\"false\" \/><\/span> <\/label><\/p>\n<p><label> Data przyjazdu (wymagane)<br \/>\n    <span class=\"wpcf7-form-control-wrap przyjazd\"><input type=\"date\" name=\"przyjazd\" value=\"\" class=\"wpcf7-form-control wpcf7-date wpcf7-validates-as-required wpcf7-validates-as-date form-control\" aria-required=\"true\" aria-invalid=\"false\" \/><\/span> <\/label><\/p>\n<p><label> Data wyjazdu(wymagane)<br \/>\n    <span class=\"wpcf7-form-control-wrap wyjazd\"><input type=\"date\" name=\"wyjazd\" value=\"\" class=\"wpcf7-form-control wpcf7-date wpcf7-validates-as-required wpcf7-validates-as-date form-control\" aria-required=\"true\" aria-invalid=\"false\" \/><\/span> <\/label><\/p>\n<p><label> Tre\u015b\u0107 wiadomo\u015bci<br \/>\n    <span class=\"wpcf7-form-control-wrap your-message\"><textarea name=\"your-message\" cols=\"40\" rows=\"10\" class=\"wpcf7-form-control wpcf7-textarea form-control\" aria-invalid=\"false\"><\/textarea><\/span> <\/label><\/p>\n<div style=\"font-size:10px !important;font-weight:normal !important;text-align:justify !important;\">\n<span class=\"wpcf7-form-control-wrap acceptance-994\"><span class=\"wpcf7-form-control wpcf7-acceptance\"><span class=\"wpcf7-list-item\"><label><input type=\"checkbox\" name=\"acceptance-994\" value=\"1\" aria-invalid=\"false\" \/><span class=\"wpcf7-list-item-label\">Wyra\u017cam zgod\u0119 na przetwarzanie danych osobowych w zwi\u0105zku z wys\u0142aniem zapytania przez formularz rezerwacyjny. Administratorem danych osobowych jest Przedsi\u0119biorstwo Us\u0142ug Hotelarskich i Gastronomicznych El\u017cbieta i Zbigniew Rybiccy S.C. , ul. Armii Krajowej 1, 78-300 \u015awidwin, Filia w \u0141obzie, ul. Niepodleg\u0142o\u015bci 19. Podanie danych jest dobrowolne.Zosta\u0142em poinformowany, \u017ce przys\u0142uguje mi prawo do dost\u0119pu do swoich danych, mo\u017cliwo\u015bci ich poprawienia, \u017cadania zaprzestania ich przetwarzania. <a target=\"_blank\" href=\"https:\/\/hotelikslowianski.pl\/klauzula-informacyjna\/\">czytaj wi\u0119cej<\/a><\/span><\/label><\/span><\/span><\/span><\/p>\n<\/div>\n<p><input type=\"submit\" value=\"Wy\u015blij\" class=\"wpcf7-form-control wpcf7-submit btn btn-default\" \/><\/p>\n<div class=\"wpcf7-response-output wpcf7-display-none\" aria-hidden=\"true\"><\/div><\/form><\/div><\/div>\n<div class=\"col-md-12\">\n<div class=\"google-maps\"><iframe loading=\"lazy\" style=\"border: 0;\" src=\"https:\/home\/klient.dhosting.pl\/puhigsc\/hotelikslowianski.pl\/public_html\/www.google.com\/maps\/embed?pb=!1m18!1m12!1m3!1d2365.712981342186!2d15.615298216055821!3d53.63425816080713!2m3!1f0!2f0!3f0!3m2!1i1024!2i768!4f13.1!3m3!1m2!1s0x4700fbabdf8ad881%3A0xc4dabe416808db35!2zSG90ZWxpayBTxYJvd2lhxYRza2k!5e0!3m2!1spl!2spl!4v1536755591829\" width=\"600\" height=\"450\" frameborder=\"0\" allowfullscreen=\"allowfullscreen\"><\/iframe><\/div>\n<\/div>\n","protected":false,"raw":"<div class=\"col-lg-6 col-md-6 col-sm-12 col-xs-12\">\r\n<h3>Kontaktdaten<\/h3>\r\nWollen Sie mehr \u00fcber unseres Angebot erfahren? Schreiben Sie uns an. \r\n\r\n<strong>Kontakt, Hotelik S\u0142owia\u0144ski <\/strong>\r\n\r\n73-150 \u0141OBEZ, NIEPODLEG\u0141O\u015aCI 19\r\nkom.recepcja 665 800 257\r\nRecepcja: 91 397 30 45\r\nrecepcja@hotelikslowianski.pl\r\nkom.dyrektor 665 620 160\r\ndyrektor@hotelikslowianski.pl\r\n\r\nPrzedsi\u0119biorstwo Us\u0142ug Hotelarskich i Gastronomicznych El\u017cbieta i Zbigniew Rybiccy S.C.\r\nul. Armii Krajowej 1 78-300 \u015awidwin\r\nul.Niepodleg\u0142o\u015bci 19 73-150 NIP 6722029447, Regon 320544471\r\n\r\nBZ WBK 23 1090 2662 0000 0001 3112 2920\r\n\r\n<\/div>\r\n<div class=\"col-lg-6 col-md-6 col-sm-12 col-xs-12\">[contact-form-7 id=\"237\" title=\"rezerwacja\"]<\/div>\r\n<div class=\"col-md-12\">\r\n<div class=\"google-maps\"><iframe style=\"border: 0;\" src=\"https:\/home\/klient.dhosting.pl\/puhigsc\/hotelikslowianski.pl\/public_html\/www.google.com\/maps\/embed?pb=!1m18!1m12!1m3!1d2365.712981342186!2d15.615298216055821!3d53.63425816080713!2m3!1f0!2f0!3f0!3m2!1i1024!2i768!4f13.1!3m3!1m2!1s0x4700fbabdf8ad881%3A0xc4dabe416808db35!2zSG90ZWxpayBTxYJvd2lhxYRza2k!5e0!3m2!1spl!2spl!4v1536755591829\" width=\"600\" height=\"450\" frameborder=\"0\" allowfullscreen=\"allowfullscreen\"><\/iframe><\/div>\r\n<\/div>"},"excerpt":{"rendered":"","protected":false,"raw":""},"author":5,"featured_media":280,"parent":0,"menu_order":0,"comment_status":"closed","ping_status":"closed","template":"","meta":{"_pl_post_content":"<div class=\"col-lg-6 col-md-6 col-sm-12 col-xs-12\">\r\n<h3>Dane kontaktowe<\/h3>\r\nChcesz dowiedzie\u0107 si\u0119 wi\u0119cej na temat naszej oferty?\r\nNapisz do nas a odpowiemy na Twoje pytanie najszybciej, jak b\u0119dzie to mo\u017cliwe.\r\n\r\n<strong>Kontakt, Hotelik S\u0142owia\u0144ski <\/strong>\r\n\r\n73-150 \u0141OBEZ, NIEPODLEG\u0141O\u015aCI 19\r\nkom.recepcja 665 800 257\r\nRecepcja: 91 397 30 45\r\nrecepcja@hotelikslowianski.pl\r\nkom.dyrektor 665 620 160\r\ndyrektor@hotelikslowianski.pl\r\n\r\nPrzedsi\u0119biorstwo Us\u0142ug Hotelarskich i Gastronomicznych El\u017cbieta i Zbigniew Rybiccy S.C.\r\nul. Armii Krajowej 1 78-300 \u015awidwin\r\n\r\nFILIA W \u0141OBZIE\r\nul.Niepodleg\u0142o\u015bci 19 73-150 NIP 6722029447, Regon 320544471\r\n\r\nBZ WBK 23 1090 2662 0000 0001 3112 2920\r\n\r\n<\/div>\r\n<div class=\"col-lg-6 col-md-6 col-sm-12 col-xs-12\">[contact-form-7 id=\"237\" title=\"rezerwacja\"]<\/div>\r\n<div class=\"col-md-12\">\r\n<div class=\"google-maps\"><iframe style=\"border: 0;\" src=\"https:\/home\/klient.dhosting.pl\/puhigsc\/hotelikslowianski.pl\/public_html\/www.google.com\/maps\/embed?pb=!1m18!1m12!1m3!1d2365.712981342186!2d15.615298216055821!3d53.63425816080713!2m3!1f0!2f0!3f0!3m2!1i1024!2i768!4f13.1!3m3!1m2!1s0x4700fbabdf8ad881%3A0xc4dabe416808db35!2zSG90ZWxpayBTxYJvd2lhxYRza2k!5e0!3m2!1spl!2spl!4v1536755591829\" width=\"600\" height=\"450\" frameborder=\"0\" allowfullscreen=\"allowfullscreen\"><\/iframe><\/div>\r\n<\/div>","_pl_post_name":"kontakt","_pl_post_excerpt":"<strong>Hotelik S\u0142owia\u0144ski \u0141obez<\/strong>\r\n<br>73-150  \u0141OBEZ, NIEPODLEG\u0141O\u015aCI 19 \r\n<br>kom.recepcja 665 800 257\r\n<br>Recepcja: 91 397 30 45\r\n<br>recepcja@hotelikslowianski.pl\r\n<br>kom.dyrektor 665 620 160\r\n<br>dyrektor@hotelikslowianski.pl","_pl_post_title":"Kontakt Hotelik S\u0142owia\u0144ski","_en_post_content":"<div class=\"col-lg-6 col-md-6 col-sm-12 col-xs-12\">\r\n<h3>Contact details<\/h3>\r\nWant to find out more about our offer?\r\nWrite to us, and we will get back to you as soon as possible.\r\n\r\n<strong>Contact at Hotelik S\u0142owia\u0144ski<\/strong>\r\n\r\n73-150 \u0141OBEZ, NIEPODLEG\u0141O\u015aCI 19\r\nkom.recepcja 665 800 257\r\nRecepcja: 91 397 30 45\r\nrecepcja@hotelikslowianski.pl\r\nkom.dyrektor 665 620 160\r\ndyrektor@hotelikslowianski.pl\r\n\r\nPrzedsi\u0119biorstwo Us\u0142ug Hotelarskich i Gastronomicznych El\u017cbieta i Zbigniew Rybiccy S.C.\r\nul. Armii Krajowej 1 78-300 \u015awidwin\r\nul.Niepodleg\u0142o\u015bci 19 73-150 NIP 6722029447, Regon 320544471\r\n\r\nBZ WBK 23 1090 2662 0000 0001 3112 2920\r\n\r\n<\/div>\r\n<div class=\"col-lg-6 col-md-6 col-sm-12 col-xs-12\">[contact-form-7 id=\"237\" title=\"rezerwacja\"]<\/div>\r\n<div class=\"col-md-12\">\r\n<div class=\"google-maps\"><iframe style=\"border: 0;\" src=\"https:\/home\/klient.dhosting.pl\/puhigsc\/hotelikslowianski.pl\/public_html\/www.google.com\/maps\/embed?pb=!1m18!1m12!1m3!1d2365.712981342186!2d15.615298216055821!3d53.63425816080713!2m3!1f0!2f0!3f0!3m2!1i1024!2i768!4f13.1!3m3!1m2!1s0x4700fbabdf8ad881%3A0xc4dabe416808db35!2zSG90ZWxpayBTxYJvd2lhxYRza2k!5e0!3m2!1spl!2spl!4v1536755591829\" width=\"600\" height=\"450\" frameborder=\"0\" allowfullscreen=\"allowfullscreen\"><\/iframe><\/div>\r\n<\/div>","_en_post_name":"kontakt","_en_post_excerpt":"","_en_post_title":"Contact","_de_post_content":"<div class=\"col-lg-6 col-md-6 col-sm-12 col-xs-12\">\r\n<h3>Kontaktdaten<\/h3>\r\nWollen Sie mehr \u00fcber unseres Angebot erfahren? Schreiben Sie uns an. \r\n\r\n<strong>Kontakt, Hotelik S\u0142owia\u0144ski <\/strong>\r\n\r\n73-150 \u0141OBEZ, NIEPODLEG\u0141O\u015aCI 19\r\nkom.recepcja 665 800 257\r\nRecepcja: 91 397 30 45\r\nrecepcja@hotelikslowianski.pl\r\nkom.dyrektor 665 620 160\r\ndyrektor@hotelikslowianski.pl\r\n\r\nPrzedsi\u0119biorstwo Us\u0142ug Hotelarskich i Gastronomicznych El\u017cbieta i Zbigniew Rybiccy S.C.\r\nul. Armii Krajowej 1 78-300 \u015awidwin\r\nul.Niepodleg\u0142o\u015bci 19 73-150 NIP 6722029447, Regon 320544471\r\n\r\nBZ WBK 23 1090 2662 0000 0001 3112 2920\r\n\r\n<\/div>\r\n<div class=\"col-lg-6 col-md-6 col-sm-12 col-xs-12\">[contact-form-7 id=\"237\" title=\"rezerwacja\"]<\/div>\r\n<div class=\"col-md-12\">\r\n<div class=\"google-maps\"><iframe style=\"border: 0;\" src=\"https:\/home\/klient.dhosting.pl\/puhigsc\/hotelikslowianski.pl\/public_html\/www.google.com\/maps\/embed?pb=!1m18!1m12!1m3!1d2365.712981342186!2d15.615298216055821!3d53.63425816080713!2m3!1f0!2f0!3f0!3m2!1i1024!2i768!4f13.1!3m3!1m2!1s0x4700fbabdf8ad881%3A0xc4dabe416808db35!2zSG90ZWxpayBTxYJvd2lhxYRza2k!5e0!3m2!1spl!2spl!4v1536755591829\" width=\"600\" height=\"450\" frameborder=\"0\" allowfullscreen=\"allowfullscreen\"><\/iframe><\/div>\r\n<\/div>","_de_post_name":"kontaktdaten","_de_post_excerpt":"","_de_post_title":"Kontaktdaten","edit_language":"de"},"_links":{"self":[{"href":"https:\/\/hotelikslowianski.pl\/de\/wp-json\/wp\/v2\/pages\/24"}],"collection":[{"href":"https:\/\/hotelikslowianski.pl\/de\/wp-json\/wp\/v2\/pages"}],"about":[{"href":"https:\/\/hotelikslowianski.pl\/de\/wp-json\/wp\/v2\/types\/page"}],"author":[{"embeddable":true,"href":"https:\/\/hotelikslowianski.pl\/de\/wp-json\/wp\/v2\/users\/5"}],"replies":[{"embeddable":true,"href":"https:\/\/hotelikslowianski.pl\/de\/wp-json\/wp\/v2\/comments?post=24"}],"version-history":[{"count":31,"href":"https:\/\/hotelikslowianski.pl\/de\/wp-json\/wp\/v2\/pages\/24\/revisions"}],"predecessor-version":[{"id":334,"href":"https:\/\/hotelikslowianski.pl\/de\/wp-json\/wp\/v2\/pages\/24\/revisions\/334"}],"wp:featuredmedia":[{"embeddable":true,"href":"https:\/\/hotelikslowianski.pl\/de\/wp-json\/wp\/v2\/media\/280"}],"wp:attachment":[{"href":"https:\/\/hotelikslowianski.pl\/de\/wp-json\/wp\/v2\/media?parent=24"}],"curies":[{"name":"wp","href":"https:\/\/api.w.org\/{rel}","templated":true}]}}