{"id":351,"date":"2018-09-27T10:06:25","date_gmt":"2018-09-27T10:06:25","guid":{"rendered":"https:\/\/hotelikslowianski.pl\/?page_id=351"},"modified":"2018-09-27T10:06:25","modified_gmt":"2018-09-27T10:06:25","slug":"","status":"publish","type":"page","link":"https:\/\/hotelikslowianski.pl\/en\/klauzula-informacyjna\/","title":{"rendered":"","raw":""},"content":{"rendered":"","protected":false,"raw":""},"excerpt":{"rendered":"","protected":false,"raw":""},"author":2,"featured_media":0,"parent":0,"menu_order":0,"comment_status":"closed","ping_status":"closed","template":"","meta":{"_pl_post_content":"<b>Szanowni Pa\u0144stwo<\/b>\r\n<p align=\"JUSTIFY\">Poni\u017cej kilka wa\u017cnych informacji dotycz\u0105cych zasad bezpiecznego przetwarzania Pa\u0144stwa danych osobowych przez nasza firm\u0119. W zwi\u0105zku ze zmianami wynikaj\u0105cymi z RODO prosimy o zapoznanie si\u0119 z poni\u017csz\u0105 klauzul\u0105 informacyjn\u0105:<\/p>\r\n<p align=\"CENTER\"><b>KLAUZULA INFORMACYJNA<\/b><\/p>\r\n<p align=\"JUSTIFY\">Zgodnie z art. 13 ust. 1 i 2 Rozporz\u0105dzenia Parlamentu Europejskiego i Rady (UE) 2016\/679 z dnia 27 kwietnia 2016 roku w sprawie ochrony os\u00f3b fizycznych w zwi\u0105zku z przetwarzaniem danych osobowych i w sprawie swobodnego przep\u0142ywu takich danych oraz uchylenia dyrektywy 95\/46\/WE ( dalej RODO), obowi\u0105zuj\u0105cego od 25 maja 2018r. informuj\u0119, i\u017c:<\/p>\r\n\r\n<ol>\r\n \t<li>\r\n<p align=\"JUSTIFY\">Administratorem Pani\/Pana danych osobowych jest Przedsi\u0119biorstwo Us\u0142ug Hotelarskich i Gastronomicznych El\u017cbieta i Zbigniew Rybiccy S.C. , ul. Armii Krajowej 1, 78-300 \u015awidwin, Filia w \u0141obzie, ul. Niepodleg\u0142o\u015bci 19<\/p>\r\n<\/li>\r\n \t<li>\r\n<p align=\"JUSTIFY\">W sprawach zwi\u0105zanych z Pani\/Pana danymi prosz\u0119 kontaktowa\u0107 si\u0119 z Administratorem Danych Osobowych pod adresem e-mail dyrektor@hotelikslowianski.pl.<\/p>\r\n<\/li>\r\n \t<li>\r\n<p align=\"JUSTIFY\">Pani\/Pana dane osobowe przetwarzane b\u0119d\u0105:<\/p>\r\n<\/li>\r\n<\/ol>\r\n<ol type=\"a\">\r\n \t<li>\r\n<p align=\"JUSTIFY\">w celu zawarcia i wykonania umowy o us\u0142ug\u0119 hotelow\u0105 lub gastronomiczn\u0105 \u2013 na podstawie Art. 6 ust. 1 lit. b og\u00f3lnego rozporz\u0105dzenia o ochronie danych osobowych z dnia 27 kwietnia 2016r.,<\/p>\r\n<\/li>\r\n \t<li>\r\n<p align=\"JUSTIFY\">w celu dochodzenia lub zabezpieczenia roszcze\u0144, co stanowi prawnie uzasadniony interes administratora na podstawie art. 6 ust. 1 lit. f RODO.<\/p>\r\n<\/li>\r\n<\/ol>\r\n<ol start=\"4\">\r\n \t<li>\r\n<p align=\"JUSTIFY\">Odbiorcami Pani\/Pana danych osobowych b\u0119d\u0105 wy\u0142\u0105cznie podmioty uprawnione do uzyskania danych osobowych na podstawie przepis\u00f3w prawa oraz podmioty uczestnicz\u0105ce w realizacji us\u0142ug.<\/p>\r\n<\/li>\r\n \t<li>\r\n<p align=\"JUSTIFY\">Pani\/Pana dane osobowe przetwarzane b\u0119d\u0105 przez okres niezb\u0119dny dla wykonania umowy, a po tym okresie dla cel\u00f3w i przez czas oraz w zakresie wymaganym przez przepisy prawa lub dla zabezpieczenia ewentualnych roszcze\u0144, lub do czasu cofni\u0119cia udzielonej zgody.<\/p>\r\n<\/li>\r\n \t<li>\r\n<p align=\"JUSTIFY\">Ma Pani\/Pan prawo do \u017c\u0105dania od Administratora:<\/p>\r\n<\/li>\r\n<\/ol>\r\n<ol type=\"a\">\r\n \t<li>\r\n<p align=\"JUSTIFY\">dost\u0119pu do swoich danych oraz otrzymania ich kopii,<\/p>\r\n<\/li>\r\n \t<li>\r\n<p align=\"JUSTIFY\">do sprostowania (poprawiania) swoich danych,<\/p>\r\n<\/li>\r\n \t<li>\r\n<p align=\"JUSTIFY\">do usuni\u0119cia danych, ograniczenia przetwarzania danych,<\/p>\r\n<\/li>\r\n \t<li>\r\n<p align=\"JUSTIFY\">do wniesienia sprzeciwu wobec przetwarzania danych na podstawie uzasadnionego interesu Administratora \u2013 przestaniemy przetwarza\u0107 Pani \/Pana dane w tym zakresie, chyba \u017ce b\u0119dziemy w stanie wykaza\u0107, \u017ce s\u0105 one nam niezb\u0119dne do ewentualnego ustalenia, dochodzenia lub obrony roszcze\u0144,<\/p>\r\n<\/li>\r\n \t<li>\r\n<p align=\"JUSTIFY\">do przenoszenia danych,<\/p>\r\n<\/li>\r\n \t<li>\r\n<p align=\"JUSTIFY\">do cofni\u0119cia zgody w dowolnym momencie.<\/p>\r\n<\/li>\r\n<\/ol>\r\n<p align=\"JUSTIFY\">W celu skorzystania z praw okre\u015blonych powy\u017cej (lit. a-f) nale\u017cy skontaktowa\u0107 si\u0119 z Administratorem Danych Osobowych.<\/p>\r\n\r\n<ol start=\"7\">\r\n \t<li>\r\n<p align=\"JUSTIFY\">Ma Pani\/Pan prawo wniesienia skargi do organu nadzorczego, gdy uzna Pani\/Pan, \u017ce przetwarzanie Pani \/Pana danych osobowych narusza przepisy RODO.<\/p>\r\n<\/li>\r\n \t<li>\r\n<p align=\"JUSTIFY\">Podanie danych osobowych jest dobrowolne, jednak\u017ce odmowa podania danych mo\u017ce skutkowa\u0107 odmow\u0105 zawarcia umowy.<\/p>\r\n<\/li>\r\n<\/ol>\r\n<p align=\"JUSTIFY\">Administrator Danych Osobowych<\/p>\r\n<p align=\"JUSTIFY\">PUHiG E.Z. Rybiccy S.C.<\/p>","_pl_post_name":"klauzula-informacyjna","_pl_post_excerpt":"","_pl_post_title":"KLAUZULA INFORMACYJNA","_en_post_content":"","_en_post_name":"","_en_post_excerpt":"","_en_post_title":"","_de_post_content":"","_de_post_name":"","_de_post_excerpt":"","_de_post_title":"","edit_language":"en"},"_links":{"self":[{"href":"https:\/\/hotelikslowianski.pl\/en\/wp-json\/wp\/v2\/pages\/351"}],"collection":[{"href":"https:\/\/hotelikslowianski.pl\/en\/wp-json\/wp\/v2\/pages"}],"about":[{"href":"https:\/\/hotelikslowianski.pl\/en\/wp-json\/wp\/v2\/types\/page"}],"author":[{"embeddable":true,"href":"https:\/\/hotelikslowianski.pl\/en\/wp-json\/wp\/v2\/users\/2"}],"replies":[{"embeddable":true,"href":"https:\/\/hotelikslowianski.pl\/en\/wp-json\/wp\/v2\/comments?post=351"}],"version-history":[{"count":1,"href":"https:\/\/hotelikslowianski.pl\/en\/wp-json\/wp\/v2\/pages\/351\/revisions"}],"predecessor-version":[{"id":352,"href":"https:\/\/hotelikslowianski.pl\/en\/wp-json\/wp\/v2\/pages\/351\/revisions\/352"}],"wp:attachment":[{"href":"https:\/\/hotelikslowianski.pl\/en\/wp-json\/wp\/v2\/media?parent=351"}],"curies":[{"name":"wp","href":"https:\/\/api.w.org\/{rel}","templated":true}]}}